{"id":273,"date":"2025-10-17T17:46:48","date_gmt":"2025-10-17T17:46:48","guid":{"rendered":"https:\/\/crs.dev.it-xt.de\/?page_id=273"},"modified":"2025-10-25T12:12:59","modified_gmt":"2025-10-25T12:12:59","slug":"foerderverein","status":"publish","type":"page","link":"https:\/\/carl-russ-schule.de\/index.php\/foerderverein\/","title":{"rendered":"F\u00f6rderverein"},"content":{"rendered":"<p><div class=\"fusion-fullwidth fullwidth-box fusion-builder-row-1 fusion-flex-container has-pattern-background has-mask-background nonhundred-percent-fullwidth non-hundred-percent-height-scrolling\" style=\"--awb-border-radius-top-left:0px;--awb-border-radius-top-right:0px;--awb-border-radius-bottom-right:0px;--awb-border-radius-bottom-left:0px;--awb-padding-top:80px;--awb-padding-bottom:80px;--awb-min-height:200px;--awb-background-color:rgba(50,110,106,0.9);--awb-flex-wrap:wrap;\" ><div class=\"fusion-builder-row fusion-row fusion-flex-align-items-flex-start fusion-flex-justify-content-center fusion-flex-content-wrap\" style=\"max-width:1248px;margin-left: calc(-4% \/ 2 );margin-right: calc(-4% \/ 2 );\"><div class=\"fusion-layout-column fusion_builder_column fusion-builder-column-0 fusion_builder_column_1_2 1_2 fusion-flex-column\" style=\"--awb-bg-size:cover;--awb-width-large:50%;--awb-margin-top-large:0px;--awb-spacing-right-large:3.84%;--awb-margin-bottom-large:20px;--awb-spacing-left-large:3.84%;--awb-width-medium:50%;--awb-order-medium:0;--awb-spacing-right-medium:3.84%;--awb-spacing-left-medium:3.84%;--awb-width-small:100%;--awb-order-small:0;--awb-spacing-right-small:1.92%;--awb-spacing-left-small:1.92%;\"><div class=\"fusion-column-wrapper fusion-column-has-shadow fusion-flex-justify-content-flex-start fusion-content-layout-column\"><div class=\"fusion-title title fusion-title-1 fusion-sep-none fusion-title-center fusion-title-text fusion-title-size-one\" style=\"--awb-text-color:#ffffff;--awb-font-size:64px;\"><h1 class=\"fusion-title-heading title-heading-center\" style=\"font-family:&quot;Montserrat&quot;;font-style:normal;font-weight:100;margin:0;letter-spacing:1.0px;text-transform:capitalize;font-size:1em;\">F\u00f6rderverein<\/h1><\/div><div class=\"fusion-text fusion-text-1\" style=\"--awb-font-size:28px;--awb-text-color:var(--awb-color1);--awb-text-font-family:&quot;Montserrat&quot;;--awb-text-font-style:normal;--awb-text-font-weight:200;\"><p style=\"text-align: center;\">Unterst\u00fctzen, F\u00f6rdern, Chancen er\u00f6ffnen<\/p>\n<\/div><\/div><\/div><\/div><\/div><div class=\"fusion-fullwidth fullwidth-box fusion-builder-row-2 fusion-flex-container has-pattern-background has-mask-background nonhundred-percent-fullwidth non-hundred-percent-height-scrolling\" style=\"--awb-border-radius-top-left:0px;--awb-border-radius-top-right:0px;--awb-border-radius-bottom-right:0px;--awb-border-radius-bottom-left:0px;--awb-background-color:#def0ee;--awb-flex-wrap:wrap;\" ><div class=\"fusion-builder-row fusion-row fusion-flex-align-items-flex-start fusion-flex-content-wrap\" style=\"max-width:1248px;margin-left: calc(-4% \/ 2 );margin-right: calc(-4% \/ 2 );\"><div class=\"fusion-layout-column fusion_builder_column fusion-builder-column-1 fusion_builder_column_1_1 1_1 fusion-flex-column\" style=\"--awb-bg-size:cover;--awb-width-large:100%;--awb-margin-top-large:0px;--awb-spacing-right-large:1.92%;--awb-margin-bottom-large:20px;--awb-spacing-left-large:1.92%;--awb-width-medium:100%;--awb-order-medium:0;--awb-spacing-right-medium:1.92%;--awb-spacing-left-medium:1.92%;--awb-width-small:100%;--awb-order-small:0;--awb-spacing-right-small:1.92%;--awb-spacing-left-small:1.92%;\"><div class=\"fusion-column-wrapper fusion-column-has-shadow fusion-flex-justify-content-flex-start fusion-content-layout-column\"><div class=\"fusion-section-separator section-separator curved fusion-section-separator-1\" style=\"--awb-spacer-height:50px;--awb-svg-margin-left:1.92%;--awb-svg-margin-right:1.92%;--awb-svg-margin-left-medium:1.92%;--awb-svg-margin-right-medium:1.92%;--awb-svg-margin-left-small:1.92%;--awb-svg-margin-right-small:1.92%;--awb-divider-height:50px;--awb-spacer-padding-top:inherit;--awb-sep-padding:0;--awb-svg-padding:0;\"><div class=\"fusion-section-separator-svg\"><svg class=\"fusion-curved-candy\" xmlns=\"http:\/\/www.w3.org\/2000\/svg\" version=\"1.1\" width=\"100%\" height=\"100\" viewBox=\"0 0 100 100\" preserveAspectRatio=\"none\" fill=\"rgba(50,110,106,0.9)\"><path d=\"M0 0 C 20 100 50 100 100 0 Z\"><\/path><\/svg><\/div><div class=\"fusion-section-separator-spacer\"><div class=\"fusion-section-separator-spacer-height\"><\/div><\/div><\/div><\/div><\/div><\/div><\/div><div class=\"fusion-fullwidth fullwidth-box fusion-builder-row-3 fusion-flex-container has-pattern-background has-mask-background nonhundred-percent-fullwidth non-hundred-percent-height-scrolling\" style=\"--awb-border-radius-top-left:0px;--awb-border-radius-top-right:0px;--awb-border-radius-bottom-right:0px;--awb-border-radius-bottom-left:0px;--awb-padding-top:100px;--awb-padding-bottom:100px;--awb-min-height:500px;--awb-background-color:var(--awb-color3);--awb-flex-wrap:wrap;\" ><div class=\"fusion-builder-row fusion-row fusion-flex-align-items-flex-start fusion-flex-justify-content-center fusion-flex-content-wrap\" style=\"max-width:1248px;margin-left: calc(-4% \/ 2 );margin-right: calc(-4% \/ 2 );\"><div class=\"fusion-layout-column fusion_builder_column fusion-builder-column-2 fusion_builder_column_3_5 3_5 fusion-flex-column\" style=\"--awb-bg-size:cover;--awb-width-large:60%;--awb-margin-top-large:0px;--awb-spacing-right-large:3.2%;--awb-margin-bottom-large:20px;--awb-spacing-left-large:3.2%;--awb-width-medium:60%;--awb-order-medium:0;--awb-spacing-right-medium:3.2%;--awb-spacing-left-medium:3.2%;--awb-width-small:100%;--awb-order-small:0;--awb-spacing-right-small:1.92%;--awb-spacing-left-small:1.92%;\"><div class=\"fusion-column-wrapper fusion-column-has-shadow fusion-flex-justify-content-flex-start fusion-content-layout-column\"><div class=\"fusion-text fusion-text-2\"><h4 data-fontsize=\"24\" style=\"--fontSize: 24; line-height: 1.2;\" data-lineheight=\"28.8px\" class=\"fusion-responsive-typography-calculated\">Unser F\u00f6rderverin<\/h4>\n<p><span data-fusion-font=\"true\" data-fusion-google-font=\"Montserrat\" data-fusion-google-variant=\"300\" style=\"font-family: Montserrat; font-weight: 300;\">Wir freuen uns, dass Sie sich f\u00fcr den F\u00f6rderverein der Carl- Ru\u00df- Schule interessieren.<\/span><br \/><span data-fusion-font=\"true\" data-fusion-google-font=\"Montserrat\" data-fusion-google-variant=\"300\" style=\"font-family: Montserrat; font-weight: 300;\">Als F\u00f6rderverein haben wir das Ziel, die Sch\u00fcler und Sch\u00fclerinnen der CRS und deren Klassen zu unterst\u00fctzen und durch besondere Aktionen das Schulleben zu bereichern.<\/span><br \/><span data-fusion-font=\"true\" data-fusion-google-font=\"Montserrat\" data-fusion-google-variant=\"300\" style=\"font-family: Montserrat; font-weight: 300;\">Wir freuen uns \u00fcber jede*n, der durch eine Mitgliedschaft oder eine Spende unsere Arbeit unterst\u00fctzt!<\/span><br \/><span data-fusion-font=\"true\" data-fusion-google-font=\"Montserrat\" data-fusion-google-variant=\"300\" style=\"font-family: Montserrat; font-weight: 300;\">Wir informieren Sie auch gerne in einem pers\u00f6nlichen Gespr\u00e4ch. Oder schreiben Sie eine Mail mit Ihren Fragen, Anregungen oder W\u00fcnschen an:\u2028f\u00f6rderverein@carl-russ-schule.de<\/span><br \/><span data-fusion-font=\"true\" data-fusion-google-font=\"Montserrat\" data-fusion-google-variant=\"300\" style=\"font-family: Montserrat; font-weight: 300;\">Unserer besonderer Dank gilt unseren Mitgliedern und Spendern, die die Projekte an unserer Schule erm\u00f6glichen.<\/span><\/p>\n<p><span style=\"font-family: 'Varela Round'; font-size: 24px; letter-spacing: -0.36px; background-color: rgba(0, 0, 0, 0);\"> <\/span><\/p>\n<p><span style=\"font-family: 'Varela Round'; font-size: 24px; letter-spacing: -0.36px; background-color: rgba(0, 0, 0, 0);\">Projekte<\/span><\/p>\n<p><b>F\u00fcr gr\u00f6\u00dferer Projekte sind wir auf die Unterst\u00fctzung durch Spenden angewiesen.<\/b><\/p>\n<p>Im Jahr 2024 haben die Azubis der Stadt- Sparkasse Solingen gemeinsam mit der Firma Alea den Sch\u00fcler*innen eine neue Bewegungslandschaft auf dem Schulhof geschaffen. Ohne dieses Projekt der Sparkasse w\u00e4re die Pausen langweiliger und stressreicher.<br \/><span style=\"letter-spacing: 0.24px; background-color: rgba(0, 0, 0, 0);\">Der Verein F\u00dcReinander \u2013 Chancen in Solingen e.V. unterst\u00fctzt die CRS regelm\u00e4\u00dfig und macht dadurch viele kleine Projekte im Alltag f\u00fcr unsere Sch\u00fcler*innen m\u00f6glich.<br \/><\/span><span style=\"letter-spacing: 0.24px; background-color: rgba(0, 0, 0, 0);\">Der Verein F\u00dcReinander \u2013 Chancen in Solingen e.V. und die Gerd- Kaimer- B\u00fcrgerstiftung haben uns das Sportevent Trixxit erm\u00f6glicht.<br \/><\/span><span style=\"letter-spacing: 0.24px; background-color: rgba(0, 0, 0, 0);\">Der Verein Impus e.V. erm\u00f6glicht unseren Grundsch\u00fclern den regelm\u00e4\u00dfigen Besuch des Abenteuerspielplatzes und hat das Theaterprojekt \u201eLilly und Leo\u201c gef\u00f6rdert.<br \/><\/span><span style=\"letter-spacing: 0.24px; background-color: rgba(0, 0, 0, 0);\">Das Kosmetikstudio Gabriele unterst\u00fctzt uns regelm\u00e4\u00dfig, sodass wir f\u00fcr die Klassen einzelne kleine Projekte erm\u00f6glichen k\u00f6nnen.<br \/><\/span><span style=\"letter-spacing: 0.24px; background-color: rgba(0, 0, 0, 0);\">Die Walbusch- Jugendstiftung unterst\u00fctzt regelm\u00e4\u00dfig Klassenfahrten und besondere Projekte, wie z.B. die Anschaffung von Gewichtswesten f\u00fcr unsere Sch\u00fcler.<br \/><\/span><span style=\"letter-spacing: 0.24px; background-color: rgba(0, 0, 0, 0);\">Besonders danken wir auch den privaten Spendern, denen die Unterst\u00fctzung unserer Sch\u00fcler*innen am Herzen liegt.<\/span><\/p>\n<p><span style=\"font-family: 'Varela Round'; font-size: 24px; letter-spacing: -0.36px; background-color: rgba(0, 0, 0, 0);\"> <\/span><\/p>\n<p><span style=\"font-family: 'Varela Round'; font-size: 24px; letter-spacing: -0.36px; background-color: rgba(0, 0, 0, 0);\">Mitgliedschaft<\/span><\/p>\n<p>Mitglied kann jeder werden, der unseren Verein in seinem Bestreben unterst\u00fctzen m\u00f6chte.<\/p>\n<p>Der <b>Mitgliedsbeitrag<\/b> liegt derzeit bei <b>20,00 \u20ac<\/b> pro Jahr; sollten Sie mehr entrichten wollen, so ist dies jederzeit gern gesehen.<\/p>\n<p>Mitgliedsbeitr\u00e4ge zum Schulverein sind steuerlich abzugsf\u00e4hig. Die Zahlung per Lastschrifteinzug auf das entsprechende Konto des Schulvereins (siehe Beitrittserkl\u00e4rung).<\/p>\n<p>Die Mitgliedschaft kann zum Ende des Schuljahres gek\u00fcndigt werden. Schicken Sie einfach eine kurze Mail an f\u00f6rderverein@carl-russ-schule.de oder reichen Sie Ihre K\u00fcndigung im Sekretariat der Schule ein.<\/p>\n<\/div><\/div><\/div><\/div><\/div><\/p>\n","protected":false},"excerpt":{"rendered":"","protected":false},"author":2,"featured_media":0,"parent":0,"menu_order":3,"comment_status":"closed","ping_status":"closed","template":"100-width.php","meta":{"footnotes":""},"class_list":["post-273","page","type-page","status-publish","hentry"],"_links":{"self":[{"href":"https:\/\/carl-russ-schule.de\/index.php\/wp-json\/wp\/v2\/pages\/273","targetHints":{"allow":["GET"]}}],"collection":[{"href":"https:\/\/carl-russ-schule.de\/index.php\/wp-json\/wp\/v2\/pages"}],"about":[{"href":"https:\/\/carl-russ-schule.de\/index.php\/wp-json\/wp\/v2\/types\/page"}],"author":[{"embeddable":true,"href":"https:\/\/carl-russ-schule.de\/index.php\/wp-json\/wp\/v2\/users\/2"}],"replies":[{"embeddable":true,"href":"https:\/\/carl-russ-schule.de\/index.php\/wp-json\/wp\/v2\/comments?post=273"}],"version-history":[{"count":13,"href":"https:\/\/carl-russ-schule.de\/index.php\/wp-json\/wp\/v2\/pages\/273\/revisions"}],"predecessor-version":[{"id":388,"href":"https:\/\/carl-russ-schule.de\/index.php\/wp-json\/wp\/v2\/pages\/273\/revisions\/388"}],"wp:attachment":[{"href":"https:\/\/carl-russ-schule.de\/index.php\/wp-json\/wp\/v2\/media?parent=273"}],"curies":[{"name":"wp","href":"https:\/\/api.w.org\/{rel}","templated":true}]}}